{"id":26,"date":"2023-05-14T18:11:37","date_gmt":"2023-05-14T18:11:37","guid":{"rendered":"https:\/\/monicapablos.com\/?page_id=26"},"modified":"2023-06-20T19:17:52","modified_gmt":"2023-06-20T17:17:52","slug":"carta-al-hijo","status":"publish","type":"page","link":"https:\/\/monicapablos.com\/index.php\/carta-al-hijo\/","title":{"rendered":"Carta al hijo"},"content":{"rendered":"\n<p>\u00a1Descubre <strong>Carta al Hijo<\/strong>, una obra conmovedora y llena de sabidur\u00eda que te tocar\u00e1 el coraz\u00f3n!<\/p>\n\n\n<div class=\"wp-block-image is-style-twentytwentyone-border\">\n<figure class=\"alignleft size-large is-resized\"><img loading=\"lazy\" decoding=\"async\" src=\"https:\/\/monicapablos.com\/wp-content\/uploads\/2023\/05\/Carta-al-hijo1-731x1024.jpg\" alt=\"\" class=\"wp-image-62\" width=\"308\" height=\"431\" srcset=\"https:\/\/monicapablos.com\/wp-content\/uploads\/2023\/05\/Carta-al-hijo1-731x1024.jpg 731w, https:\/\/monicapablos.com\/wp-content\/uploads\/2023\/05\/Carta-al-hijo1-scaled-600x840.jpg 600w, https:\/\/monicapablos.com\/wp-content\/uploads\/2023\/05\/Carta-al-hijo1-214x300.jpg 214w, https:\/\/monicapablos.com\/wp-content\/uploads\/2023\/05\/Carta-al-hijo1-768x1076.jpg 768w, https:\/\/monicapablos.com\/wp-content\/uploads\/2023\/05\/Carta-al-hijo1-1097x1536.jpg 1097w, https:\/\/monicapablos.com\/wp-content\/uploads\/2023\/05\/Carta-al-hijo1-1462x2048.jpg 1462w, https:\/\/monicapablos.com\/wp-content\/uploads\/2023\/05\/Carta-al-hijo1-1568x2196.jpg 1568w, https:\/\/monicapablos.com\/wp-content\/uploads\/2023\/05\/Carta-al-hijo1-scaled.jpg 1828w\" sizes=\"(max-width: 308px) 100vw, 308px\" \/><\/figure><\/div>\n\n\n<p>Imagina sumergirte en una experiencia literaria \u00fanica, en la que te transportas a un mundo de experiencias, emociones, reflexiones y consejos. <strong>Carta al Hijo<\/strong> es mucho m\u00e1s que un simple libro, es un viaje \u00edntimo y profundo a trav\u00e9s de las palabras de una madre hacia su hijo.<\/p>\n\n\n\n<p>Es un testimonio conmovedor del amor maternal y de la conexi\u00f3n indestructible entre padres e hijos. Cada p\u00e1gina est\u00e1 impregnada de experiencias vividas, lecciones aprendidas y consejos valiosos que servir\u00e1n como gu\u00eda en el camino de la crianza.<\/p>\n\n\n\n<p>A trav\u00e9s de sus l\u00edneas conectar\u00e1s con el amor incondicional, la importancia de los valores, la b\u00fasqueda del prop\u00f3sito, la valent\u00eda para afrontar los retos como madre o padre lidi\u00e1ndolos como nuevas oportunidades para la transformaci\u00f3n y superaci\u00f3n personal. Esta carta <strong>te invita a realizar un viaje de autodescubrimiento y crecimiento de la mano de tu propio hijo<\/strong>.<\/p>\n\n\n\n<p>No importa si eres padre, madre, hijo o hija; <strong>este libro te tocar\u00e1 el alma<\/strong> y te recordar\u00e1 la importancia de la familia y de esa conexi\u00f3n que si sabemos distinguirla, cuidarla y mantenerla trascender\u00e1 <strong>generaciones<\/strong>.<\/p>\n\n\n\n<p>No esperes m\u00e1s, descubre<a href=\"https:\/\/monicapablos.com\/index.php\/producto\/carta-al-hijo\/\"> Carta al hijo<\/a>.<\/p>\n","protected":false},"excerpt":{"rendered":"<p>\u00a1Descubre Carta al Hijo, una obra conmovedora y llena de sabidur\u00eda que te tocar\u00e1 el coraz\u00f3n! Imagina sumergirte en una experiencia literaria \u00fanica, en la que te transportas a un &hellip; <\/p>\n","protected":false},"author":1,"featured_media":0,"parent":0,"menu_order":0,"comment_status":"closed","ping_status":"closed","template":"","meta":{"footnotes":""},"_links":{"self":[{"href":"https:\/\/monicapablos.com\/index.php\/wp-json\/wp\/v2\/pages\/26"}],"collection":[{"href":"https:\/\/monicapablos.com\/index.php\/wp-json\/wp\/v2\/pages"}],"about":[{"href":"https:\/\/monicapablos.com\/index.php\/wp-json\/wp\/v2\/types\/page"}],"author":[{"embeddable":true,"href":"https:\/\/monicapablos.com\/index.php\/wp-json\/wp\/v2\/users\/1"}],"replies":[{"embeddable":true,"href":"https:\/\/monicapablos.com\/index.php\/wp-json\/wp\/v2\/comments?post=26"}],"version-history":[{"count":7,"href":"https:\/\/monicapablos.com\/index.php\/wp-json\/wp\/v2\/pages\/26\/revisions"}],"predecessor-version":[{"id":117,"href":"https:\/\/monicapablos.com\/index.php\/wp-json\/wp\/v2\/pages\/26\/revisions\/117"}],"wp:attachment":[{"href":"https:\/\/monicapablos.com\/index.php\/wp-json\/wp\/v2\/media?parent=26"}],"curies":[{"name":"wp","href":"https:\/\/api.w.org\/{rel}","templated":true}]}}