{"id":74,"date":"2023-05-30T17:51:18","date_gmt":"2023-05-30T15:51:18","guid":{"rendered":"https:\/\/monicapablos.com\/?page_id=74"},"modified":"2023-05-30T18:12:26","modified_gmt":"2023-05-30T16:12:26","slug":"conoceme","status":"publish","type":"page","link":"https:\/\/monicapablos.com\/index.php\/conoceme\/","title":{"rendered":"Con\u00f3ceme"},"content":{"rendered":"\n<p id=\"block-f4265e84-8fb2-44e2-bf5b-bb6ba39c6f9e\">\u00a1Hola! Mi nombre es M\u00f3nica. <\/p>\n\n\n<div class=\"wp-block-image\">\n<figure class=\"alignright size-large is-resized\"><img loading=\"lazy\" decoding=\"async\" src=\"https:\/\/monicapablos.com\/wp-content\/uploads\/2023\/05\/IMG_20230326_185831-7-897x1024.jpg\" alt=\"\" class=\"wp-image-77\" width=\"486\" height=\"554\" srcset=\"https:\/\/monicapablos.com\/wp-content\/uploads\/2023\/05\/IMG_20230326_185831-7-897x1024.jpg 897w, https:\/\/monicapablos.com\/wp-content\/uploads\/2023\/05\/IMG_20230326_185831-7-scaled-600x685.jpg 600w, https:\/\/monicapablos.com\/wp-content\/uploads\/2023\/05\/IMG_20230326_185831-7-263x300.jpg 263w, https:\/\/monicapablos.com\/wp-content\/uploads\/2023\/05\/IMG_20230326_185831-7-768x877.jpg 768w, https:\/\/monicapablos.com\/wp-content\/uploads\/2023\/05\/IMG_20230326_185831-7-1345x1536.jpg 1345w, https:\/\/monicapablos.com\/wp-content\/uploads\/2023\/05\/IMG_20230326_185831-7-1793x2048.jpg 1793w\" sizes=\"(max-width: 486px) 100vw, 486px\" \/><\/figure><\/div>\n\n\n<p>Un d\u00eda fui hija. No recuerdo si ese t\u00edtulo lleg\u00f3 con el momento de nacer o si ya era hija cuando mi madre me gestaba. Quiz\u00e1 ya era hija cuando tan solo era una c\u00e9lula en el cuerpo de mi abuela mientras gestaba a mi madre. Lo cierto es que olvid\u00e9 que era hija en el momento que me independic\u00e9 de mis padres.<br>Un d\u00eda fui madre. Determin\u00e9 que llegaba al gran trabajo de mi vida ignorante e inexperta. Entonces record\u00e9 que un d\u00eda fui hija, de hecho, lo sigo siendo y lo ser\u00e9 toda mi vida. Este hecho me llev\u00f3 a vivir la maternidad desde la empat\u00eda y la conexi\u00f3n que la infancia merece.<br>Me licenci\u00e9 en Pedagog\u00eda y me especialic\u00e9 en formaci\u00f3n de adultos y organizaciones. M\u00e1ster en Educaci\u00f3n y Nuevas Tecnolog\u00edas y coach integral (programa ACTP por ICF). Pese a que he estado en formaci\u00f3n continua toda mi vida adulta, el mayor aprendizaje lo he realizado gracias a mis tres hijos.<br>Y de la conjunci\u00f3n de estos hechos gest\u00e9 este libro. <a href=\"https:\/\/monicapablos.com\/index.php\/2023\/05\/14\/carta-al-hijo\/\">Mi primer hijo de papel<\/a>.<\/p>\n\n\n\n<p id=\"block-f4265e84-8fb2-44e2-bf5b-bb6ba39c6f9e\">Adem\u00e1s fruto de esta historia, mi historia, hoy en d\u00eda acompa\u00f1o a madres y padres a realizar cambios en su estilo de crianza, ayud\u00e1ndoles a ofrecer una mirada m\u00e1s consciente para abordar un crecimiento y desarrollo no s\u00f3lo en lo personal, como madres y padres, si no tambi\u00e9n como familia.  \u00bfTe interesa? \u00bfQuieres adentrarte en un proceso de desarrollo y autodescubrimiento? <\/p>\n\n\n\n<p>Escr\u00edbeme: <a href=\"mailto:info@monicapablos.com\">info@monicapablos.com<\/a><\/p>\n","protected":false},"excerpt":{"rendered":"<p>\u00a1Hola! Mi nombre es M\u00f3nica. Un d\u00eda fui hija. No recuerdo si ese t\u00edtulo lleg\u00f3 con el momento de nacer o si ya era hija cuando mi madre me gestaba. &hellip; <\/p>\n","protected":false},"author":1,"featured_media":0,"parent":0,"menu_order":0,"comment_status":"closed","ping_status":"closed","template":"","meta":{"footnotes":""},"_links":{"self":[{"href":"https:\/\/monicapablos.com\/index.php\/wp-json\/wp\/v2\/pages\/74"}],"collection":[{"href":"https:\/\/monicapablos.com\/index.php\/wp-json\/wp\/v2\/pages"}],"about":[{"href":"https:\/\/monicapablos.com\/index.php\/wp-json\/wp\/v2\/types\/page"}],"author":[{"embeddable":true,"href":"https:\/\/monicapablos.com\/index.php\/wp-json\/wp\/v2\/users\/1"}],"replies":[{"embeddable":true,"href":"https:\/\/monicapablos.com\/index.php\/wp-json\/wp\/v2\/comments?post=74"}],"version-history":[{"count":4,"href":"https:\/\/monicapablos.com\/index.php\/wp-json\/wp\/v2\/pages\/74\/revisions"}],"predecessor-version":[{"id":86,"href":"https:\/\/monicapablos.com\/index.php\/wp-json\/wp\/v2\/pages\/74\/revisions\/86"}],"wp:attachment":[{"href":"https:\/\/monicapablos.com\/index.php\/wp-json\/wp\/v2\/media?parent=74"}],"curies":[{"name":"wp","href":"https:\/\/api.w.org\/{rel}","templated":true}]}}