{"id":55,"date":"2023-06-07T19:36:35","date_gmt":"2023-06-07T17:36:35","guid":{"rendered":"https:\/\/monicapablos.com\/index.php\/producto\/hoodie-with-logo\/"},"modified":"2025-11-22T10:20:41","modified_gmt":"2025-11-22T09:20:41","slug":"carta-al-hijo","status":"publish","type":"product","link":"https:\/\/monicapablos.com\/index.php\/producto\/carta-al-hijo\/","title":{"rendered":"Carta al hijo"},"content":{"rendered":"<p>Este <strong>no es un libro de maternidad o crianza al uso<\/strong>.<\/p>\n<p>Entre sus l\u00edneas encontrar\u00e1s experiencias, vivencias, anhelos y consejos de los que se nutrir\u00e1 toda la familia.<\/p>\n<p>Descubrir\u00e1s que esta carta no solo est\u00e1 escrita para el destinatario de la carta, si no que tambi\u00e9n est\u00e1 escrita para ti.<\/p>\n<p><strong><em>Carta al hijo<\/em><\/strong> te brindar\u00e1 la oportunidad para reflexionar sobre tus propias relaciones familiares, invit\u00e1ndote a adentrarte en una experiencia literaria \u00fanica, llena de emociones y ense\u00f1anzas que te acompa\u00f1ar\u00e1n mucho tiempo despu\u00e9s de haber terminado de leer el libro.<\/p>\n<blockquote><p>No importa si eres padre, madre, hijo o hija; <strong>este libro te tocar\u00e1 el alma<\/strong>. Te recordar\u00e1 la importancia de la familia y de esa conexi\u00f3n que se establece que si sabemos cuidarla y mantenerla, trascender\u00e1 generaciones.<\/p><\/blockquote>\n","protected":false},"excerpt":{"rendered":"<p>Este no es un libro de maternidad o crianza al uso. Entre sus l\u00edneas encontrar\u00e1s experiencias, vivencias, anhelos y consejos de los que se nutrir\u00e1 toda la familia. Descubrir\u00e1s que &hellip; <\/p>\n","protected":false},"featured_media":90,"comment_status":"open","ping_status":"closed","template":"","meta":[],"product_cat":[20],"product_tag":[],"_links":{"self":[{"href":"https:\/\/monicapablos.com\/index.php\/wp-json\/wp\/v2\/product\/55"}],"collection":[{"href":"https:\/\/monicapablos.com\/index.php\/wp-json\/wp\/v2\/product"}],"about":[{"href":"https:\/\/monicapablos.com\/index.php\/wp-json\/wp\/v2\/types\/product"}],"replies":[{"embeddable":true,"href":"https:\/\/monicapablos.com\/index.php\/wp-json\/wp\/v2\/comments?post=55"}],"wp:featuredmedia":[{"embeddable":true,"href":"https:\/\/monicapablos.com\/index.php\/wp-json\/wp\/v2\/media\/90"}],"wp:attachment":[{"href":"https:\/\/monicapablos.com\/index.php\/wp-json\/wp\/v2\/media?parent=55"}],"wp:term":[{"taxonomy":"product_cat","embeddable":true,"href":"https:\/\/monicapablos.com\/index.php\/wp-json\/wp\/v2\/product_cat?post=55"},{"taxonomy":"product_tag","embeddable":true,"href":"https:\/\/monicapablos.com\/index.php\/wp-json\/wp\/v2\/product_tag?post=55"}],"curies":[{"name":"wp","href":"https:\/\/api.w.org\/{rel}","templated":true}]}}